{"id":446,"date":"2022-03-11T04:36:27","date_gmt":"2022-03-11T04:36:27","guid":{"rendered":"https:\/\/allwinmac.com\/?page_id=446"},"modified":"2022-03-11T04:37:11","modified_gmt":"2022-03-11T04:37:11","slug":"industria-electronica","status":"publish","type":"page","link":"https:\/\/allwinmac.com\/es\/industria-electronica\/","title":{"rendered":"M\u00e1quinas l\u00e1ser para la industria electr\u00f3nica"},"content":{"rendered":"","protected":false},"excerpt":{"rendered":"","protected":false},"author":1,"featured_media":0,"parent":0,"menu_order":0,"comment_status":"closed","ping_status":"closed","template":"","meta":{"_seopress_robots_primary_cat":"","_seopress_titles_title":"Laser machines for the electronics industry","_seopress_titles_desc":"Applications and advantages of laser machines in the electronics industry.","_seopress_robots_index":"","footnotes":""},"class_list":["post-446","page","type-page","status-publish","hentry"],"_links":{"self":[{"href":"https:\/\/allwinmac.com\/es\/wp-json\/wp\/v2\/pages\/446","targetHints":{"allow":["GET"]}}],"collection":[{"href":"https:\/\/allwinmac.com\/es\/wp-json\/wp\/v2\/pages"}],"about":[{"href":"https:\/\/allwinmac.com\/es\/wp-json\/wp\/v2\/types\/page"}],"author":[{"embeddable":true,"href":"https:\/\/allwinmac.com\/es\/wp-json\/wp\/v2\/users\/1"}],"replies":[{"embeddable":true,"href":"https:\/\/allwinmac.com\/es\/wp-json\/wp\/v2\/comments?post=446"}],"version-history":[{"count":1,"href":"https:\/\/allwinmac.com\/es\/wp-json\/wp\/v2\/pages\/446\/revisions"}],"predecessor-version":[{"id":447,"href":"https:\/\/allwinmac.com\/es\/wp-json\/wp\/v2\/pages\/446\/revisions\/447"}],"wp:attachment":[{"href":"https:\/\/allwinmac.com\/es\/wp-json\/wp\/v2\/media?parent=446"}],"curies":[{"name":"wp","href":"https:\/\/api.w.org\/{rel}","templated":true}]}}