{"id":1206,"date":"2022-06-25T02:43:59","date_gmt":"2022-06-25T02:43:59","guid":{"rendered":"https:\/\/allwinmac.com\/?page_id=1206"},"modified":"2022-06-25T03:35:30","modified_gmt":"2022-06-25T03:35:30","slug":"maquinas-laser-para-la-industria-del-automovil","status":"publish","type":"page","link":"https:\/\/allwinmac.com\/es\/maquinas-laser-para-la-industria-del-automovil\/","title":{"rendered":"M\u00e1quinas l\u00e1ser para la industria agr\u00edcola"},"content":{"rendered":"","protected":false},"excerpt":{"rendered":"","protected":false},"author":1,"featured_media":0,"parent":0,"menu_order":0,"comment_status":"closed","ping_status":"closed","template":"","meta":{"_seopress_robots_primary_cat":"","_seopress_titles_title":"Laser machines for the agricultural industry","_seopress_titles_desc":"Applications and advantages of laser machines in the agricultural industry.","_seopress_robots_index":"","footnotes":""},"class_list":["post-1206","page","type-page","status-publish","hentry"],"_links":{"self":[{"href":"https:\/\/allwinmac.com\/es\/wp-json\/wp\/v2\/pages\/1206","targetHints":{"allow":["GET"]}}],"collection":[{"href":"https:\/\/allwinmac.com\/es\/wp-json\/wp\/v2\/pages"}],"about":[{"href":"https:\/\/allwinmac.com\/es\/wp-json\/wp\/v2\/types\/page"}],"author":[{"embeddable":true,"href":"https:\/\/allwinmac.com\/es\/wp-json\/wp\/v2\/users\/1"}],"replies":[{"embeddable":true,"href":"https:\/\/allwinmac.com\/es\/wp-json\/wp\/v2\/comments?post=1206"}],"version-history":[{"count":2,"href":"https:\/\/allwinmac.com\/es\/wp-json\/wp\/v2\/pages\/1206\/revisions"}],"predecessor-version":[{"id":1211,"href":"https:\/\/allwinmac.com\/es\/wp-json\/wp\/v2\/pages\/1206\/revisions\/1211"}],"wp:attachment":[{"href":"https:\/\/allwinmac.com\/es\/wp-json\/wp\/v2\/media?parent=1206"}],"curies":[{"name":"wp","href":"https:\/\/api.w.org\/{rel}","templated":true}]}}